{"id":55568,"date":"2022-03-07T17:00:58","date_gmt":"2022-03-07T16:00:58","guid":{"rendered":"http:\/\/www.linzomatic.work\/?page_id=55568"},"modified":"2022-08-18T16:48:06","modified_gmt":"2022-08-18T14:48:06","slug":"impressum","status":"publish","type":"page","link":"https:\/\/www.linzomatic.work\/?page_id=55568","title":{"rendered":"Impressum"},"content":{"rendered":"<p>[vc_row css=&#8220;.vc_custom_1646670098373{margin-top: 35px !important;margin-bottom: 35px !important;}&#8220;][vc_column width=&#8220;1\/2&#8243;][vc_column_text]<\/p>\n<header>\n<h1>Betriebsverpflegung mit Herz!<\/h1>\n<div class=\"metadata\"><\/div>\n<\/header>\n<p><strong>Linzomatic Betriebsverpflegung Niedergrottenthaler GmbH<\/strong><\/p>\n<p><strong>Zaunerm\u00fchlstra\u00dfe 2, 4050 Traun, Tel. <a class=\"text-decoration-none\" href=\"tel:+43732651259\">+43 732 65 12 59<\/a><\/strong><\/p>\n<p><a class=\"text-decoration-none\" href=\"mailto:office@linzomatic.at\">office@linzomatic.at<\/a><\/p>\n<p>Gesch\u00e4ftsleitung: <strong>G\u00fcnther Niedergrottenthaler<\/strong>, <a class=\"text-decoration-none\" href=\"tel:+43732651259\">+43 732 65 12 59<\/a>, <a class=\"text-decoration-none\" href=\"mailto:ng@linzomatic.at\">ng@linzomatic.at<\/a><\/p>\n<p>Assistentin der Gesch\u00e4ftsleitung: <strong>Ute Pirger<\/strong>, <a class=\"text-decoration-none\" href=\"tel:+43732651259\">+43 732 65 12 59<\/a> &#8211; Dw. 14,\u00a0 <a class=\"text-decoration-none\" href=\"mailto:up@linzomatic.at\">up@linzomatic.at<\/a><\/p>\n<p>Leitung Technik &amp; Entwicklung: <strong>Simon Sch\u00f6ninkle<\/strong>, <a class=\"text-decoration-none\" href=\"tel:+436766665066\">+43 676666 50 66<\/a>&#8211; Dw. 17, <a class=\"text-decoration-none\" href=\"mailto:ssch@linzomatic.at\">ssch@linzomatic.at<\/a><\/p>\n<p>UID-Nummer: ATU62269235<\/p>\n<p>Firemnbuchnummer: 272813x<\/p>\n<p>Gerichtsstand: Linz<\/p>\n<p>Raika AT54 3411 1000 0011 5626<\/p>\n<p>Oberbank AT93 1500 0007 6115 9862<\/p>\n<p>&nbsp;[\/vc_column_text][\/vc_column][vc_column width=&#8220;1\/2&#8243;][vc_single_image image=&#8220;55382&#8243; img_size=&#8220;300&#215;300&#8243;][\/vc_column][\/vc_row]<\/p>\n","protected":false},"excerpt":{"rendered":"<p>[vc_row css=&#8220;.vc_custom_1646670098373{margin-top: 35px !important;margin-bottom: 35px !important;}&#8220;][vc_column width=&#8220;1\/2&#8243;][vc_column_text] Betriebsverpflegung mit Herz! Linzomatic Betriebsverpflegung Niedergrottenthaler GmbH Zaunerm\u00fchlstra\u00dfe 2, 4050 Traun, Tel. +43 732 65 12 59 office@linzomatic.at Gesch\u00e4ftsleitung: G\u00fcnther Niedergrottenthaler, +43 732 65 12 59, ng@linzomatic.at Assistentin der Gesch\u00e4ftsleitung: Ute Pirger, +43 732 65 12 59 &#8211; Dw. 14,\u00a0 up@linzomatic.at Leitung Technik &amp; Entwicklung: Simon Sch\u00f6ninkle, +43 [&hellip;]<\/p>\n","protected":false},"author":1,"featured_media":0,"parent":0,"menu_order":0,"comment_status":"closed","ping_status":"closed","template":"","meta":{"footnotes":""},"class_list":["post-55568","page","type-page","status-publish","hentry"],"_links":{"self":[{"href":"https:\/\/www.linzomatic.work\/index.php?rest_route=\/wp\/v2\/pages\/55568","targetHints":{"allow":["GET"]}}],"collection":[{"href":"https:\/\/www.linzomatic.work\/index.php?rest_route=\/wp\/v2\/pages"}],"about":[{"href":"https:\/\/www.linzomatic.work\/index.php?rest_route=\/wp\/v2\/types\/page"}],"author":[{"embeddable":true,"href":"https:\/\/www.linzomatic.work\/index.php?rest_route=\/wp\/v2\/users\/1"}],"replies":[{"embeddable":true,"href":"https:\/\/www.linzomatic.work\/index.php?rest_route=%2Fwp%2Fv2%2Fcomments&post=55568"}],"version-history":[{"count":14,"href":"https:\/\/www.linzomatic.work\/index.php?rest_route=\/wp\/v2\/pages\/55568\/revisions"}],"predecessor-version":[{"id":56302,"href":"https:\/\/www.linzomatic.work\/index.php?rest_route=\/wp\/v2\/pages\/55568\/revisions\/56302"}],"wp:attachment":[{"href":"https:\/\/www.linzomatic.work\/index.php?rest_route=%2Fwp%2Fv2%2Fmedia&parent=55568"}],"curies":[{"name":"wp","href":"https:\/\/api.w.org\/{rel}","templated":true}]}}